{"id":1911,"date":"2026-03-12T16:25:22","date_gmt":"2026-03-12T15:25:22","guid":{"rendered":"https:\/\/claireeisenzopf.fr\/?page_id=1911"},"modified":"2026-03-12T16:25:33","modified_gmt":"2026-03-12T15:25:33","slug":"a-propos-2","status":"publish","type":"page","link":"https:\/\/claireeisenzopf.fr\/index.php\/a-propos-2\/","title":{"rendered":"\u00e0 propos"},"content":{"rendered":"\n<p><\/p>\n\n\n\n<blockquote class=\"wp-block-quote is-layout-flow wp-block-quote-is-layout-flow\">\n<p>Contact claireeisenzopf@gmail.com<br>06 15 71 45 92<\/p>\n<\/blockquote>\n\n\n\n<h2 class=\"wp-block-heading\" id=\"block-18ae404f-224a-4262-b100-9ea6f4100f3e\">Formation<\/h2>\n\n\n\n<ul id=\"block-c812e52c-02e4-436e-9cb8-bfc7632f53bb\" class=\"wp-block-list\">\n<li>Dipl\u00f4me de m\u00e9tiers d&#8217;art, option volume sur mat\u00e9riau de synth\u00e8se obtenu en 1998 \u00e0 l&#8217;Ecole Nationale sup\u00e9rieures des m\u00e9tiers d&#8217;art &#8211; ENSAAMA<\/li>\n\n\n\n<li>Formation de graphiste. AFEDAP, 2000<\/li>\n<\/ul>\n\n\n\n<p id=\"block-ff4c7ebf-1186-44f1-bf5c-22f5a350e44a\">Je suis issue d&#8217;une formation artistique, j&#8217;ai travaill\u00e9 ensuite en tant que coloriste, graphiste, illustratrice Freelance. J&#8217;ai con\u00e7u \u00e9galement des ateliers d&#8217;expression artistique sur divers format en fonction des publics.<\/p>\n\n\n\n<p id=\"block-02b7676e-ed89-4794-b10c-1ee801329c2f\">Je vis depuis une quinzaine d&#8217;ann\u00e9e, dans le calme verdoyant de la bourgogne, pour me consacrer \u00e0 la peinture.<\/p>\n\n\n\n<p id=\"block-5a18bae1-a12f-4fe3-b031-cf35b400e4e0\"><\/p>\n","protected":false},"excerpt":{"rendered":"<p>Contact claireeisenzopf@gmail.com06 15 71 45 92 Formation Je suis issue d&#8217;une formation artistique, j&#8217;ai travaill\u00e9 ensuite en tant que coloriste, graphiste, illustratrice Freelance. J&#8217;ai con\u00e7u \u00e9galement des ateliers d&#8217;expression artistique sur divers format en fonction &hellip; <\/p>\n","protected":false},"author":2,"featured_media":0,"parent":0,"menu_order":0,"comment_status":"closed","ping_status":"closed","template":"","meta":{"footnotes":""},"class_list":["post-1911","page","type-page","status-publish","hentry","latest_post"],"_links":{"self":[{"href":"https:\/\/claireeisenzopf.fr\/index.php\/wp-json\/wp\/v2\/pages\/1911","targetHints":{"allow":["GET"]}}],"collection":[{"href":"https:\/\/claireeisenzopf.fr\/index.php\/wp-json\/wp\/v2\/pages"}],"about":[{"href":"https:\/\/claireeisenzopf.fr\/index.php\/wp-json\/wp\/v2\/types\/page"}],"author":[{"embeddable":true,"href":"https:\/\/claireeisenzopf.fr\/index.php\/wp-json\/wp\/v2\/users\/2"}],"replies":[{"embeddable":true,"href":"https:\/\/claireeisenzopf.fr\/index.php\/wp-json\/wp\/v2\/comments?post=1911"}],"version-history":[{"count":2,"href":"https:\/\/claireeisenzopf.fr\/index.php\/wp-json\/wp\/v2\/pages\/1911\/revisions"}],"predecessor-version":[{"id":1914,"href":"https:\/\/claireeisenzopf.fr\/index.php\/wp-json\/wp\/v2\/pages\/1911\/revisions\/1914"}],"wp:attachment":[{"href":"https:\/\/claireeisenzopf.fr\/index.php\/wp-json\/wp\/v2\/media?parent=1911"}],"curies":[{"name":"wp","href":"https:\/\/api.w.org\/{rel}","templated":true}]}}